{"id":512,"date":"2010-10-03T19:05:00","date_gmt":"2010-10-03T19:05:00","guid":{"rendered":"http:\/\/ziele-zar.pl\/?page_id=512"},"modified":"2011-08-22T18:48:19","modified_gmt":"2011-08-22T18:48:19","slug":"aktualnosci","status":"publish","type":"page","link":"http:\/\/ziele-zar.pl\/?page_id=512","title":{"rendered":"Aktualno\u015bci"},"content":{"rendered":"<p><a href=\"http:\/\/ziele-zar.pl\/wp-includes\/images\/\/2010\/10\/P_Bydg-rozdroze.jpg\"><img decoding=\"async\" loading=\"lazy\" class=\"alignright size-medium wp-image-1081\" title=\"P_Bydg-rozdroze\" src=\"http:\/\/ziele-zar.pl\/wp-includes\/images\/\/2010\/10\/P_Bydg-rozdroze-300x187.jpg\" alt=\"\" width=\"300\" height=\"187\" srcset=\"http:\/\/ziele-zar.pl\/wp-includes\/images\/2010\/10\/P_Bydg-rozdroze-300x187.jpg 300w, http:\/\/ziele-zar.pl\/wp-includes\/images\/2010\/10\/P_Bydg-rozdroze-1024x639.jpg 1024w, http:\/\/ziele-zar.pl\/wp-includes\/images\/2010\/10\/P_Bydg-rozdroze-274x170.jpg 274w, http:\/\/ziele-zar.pl\/wp-includes\/images\/2010\/10\/P_Bydg-rozdroze.jpg 1181w\" sizes=\"(max-width: 300px) 100vw, 300px\" \/><\/a><\/p>\n<h1>Artyku\u0142 o kosmetyce<\/h1>\n<p>W Publikacjach zamieszczam nowy artyku\u0142 o kosmetykach (i troch\u0119 innych rozwa\u017ca\u0144).<\/p>\n","protected":false},"excerpt":{"rendered":"<p>Artyku\u0142 o kosmetyce W Publikacjach zamieszczam nowy artyku\u0142 o kosmetykach (i troch\u0119 innych rozwa\u017ca\u0144).<\/p>\n","protected":false},"author":1,"featured_media":0,"parent":0,"menu_order":12,"comment_status":"closed","ping_status":"closed","template":"template_blog.php","meta":{"footnotes":""},"_links":{"self":[{"href":"http:\/\/ziele-zar.pl\/index.php?rest_route=\/wp\/v2\/pages\/512"}],"collection":[{"href":"http:\/\/ziele-zar.pl\/index.php?rest_route=\/wp\/v2\/pages"}],"about":[{"href":"http:\/\/ziele-zar.pl\/index.php?rest_route=\/wp\/v2\/types\/page"}],"author":[{"embeddable":true,"href":"http:\/\/ziele-zar.pl\/index.php?rest_route=\/wp\/v2\/users\/1"}],"replies":[{"embeddable":true,"href":"http:\/\/ziele-zar.pl\/index.php?rest_route=%2Fwp%2Fv2%2Fcomments&post=512"}],"version-history":[{"count":6,"href":"http:\/\/ziele-zar.pl\/index.php?rest_route=\/wp\/v2\/pages\/512\/revisions"}],"predecessor-version":[{"id":1082,"href":"http:\/\/ziele-zar.pl\/index.php?rest_route=\/wp\/v2\/pages\/512\/revisions\/1082"}],"wp:attachment":[{"href":"http:\/\/ziele-zar.pl\/index.php?rest_route=%2Fwp%2Fv2%2Fmedia&parent=512"}],"curies":[{"name":"wp","href":"https:\/\/api.w.org\/{rel}","templated":true}]}}