{"id":37,"date":"2010-06-19T14:32:49","date_gmt":"2010-06-19T14:32:49","guid":{"rendered":"http:\/\/wordpress3\/?page_id=37"},"modified":"2021-07-22T13:28:30","modified_gmt":"2021-07-22T13:28:30","slug":"a-little-about-you","status":"publish","type":"page","link":"http:\/\/ziele-zar.pl\/?page_id=37","title":{"rendered":"Liliana Hilsberg"},"content":{"rendered":"<STYLE type=\"text\/css\">body {background-repeat: no-repeat;}<\/style><div id=\"attachment_2794\" style=\"width: 227px\" class=\"wp-caption alignleft\"><a href=\"http:\/\/ziele-zar.pl\/wp-includes\/images\/2021\/07\/Llk-4-7-2021.jpg\"><img aria-describedby=\"caption-attachment-2794\" decoding=\"async\" loading=\"lazy\" class=\"wp-image-2794 size-medium\" src=\"http:\/\/ziele-zar.pl\/wp-includes\/images\/2021\/07\/Llk-4-7-2021-217x300.jpg\" alt=\"\" width=\"217\" height=\"300\" srcset=\"http:\/\/ziele-zar.pl\/wp-includes\/images\/2021\/07\/Llk-4-7-2021-217x300.jpg 217w, http:\/\/ziele-zar.pl\/wp-includes\/images\/2021\/07\/Llk-4-7-2021.jpg 560w\" sizes=\"(max-width: 217px) 100vw, 217px\" \/><\/a><p id=\"caption-attachment-2794\" class=\"wp-caption-text\">4 lipca 2021 w Kamienicy, fot. Kay Suzuki-Dyjak<\/p><\/div>\n<h4>z domu Ma\u0107kowiak<\/h4>\n<p>Architekt krajobrazu, metafizyk. Uko\u0144czy\u0142am tak\u017ce studia podyplomowe z planowania przestrzennego. Mam rozmaite do\u015bwiadczenia zawodowe. Przez kilkana\u015bcie lat zajmowa\u0142am si\u0119 opracowaniami z pogranicza planowania przestrzennego i fizjografii oraz ochrony \u015brodowiska i ochrony przyrody, pracuj\u0105c w Pa\u0144stwowym Przedsi\u0119biorstwie Geodezyjno-Kartograficznym (obecnie \u2013 Polskie Przedsi\u0119biorstwo Geodezyjno-Kartograficzne SA). Z tamtego okresu pozosta\u0142y mi \u2013 opr\u00f3cz do\u015bwiadczenia &#8211; uprawnienia zawodowe geodezyjne w zakresie redakcji map, dzi\u015b formalnie nie wykorzystywane i du\u017cy sentyment do PPGK. Po epizodycznych pracach, takich, jak prowadzenie doradztwa w zakresie obs\u0142ugi program\u00f3w firmy Adobe Systems i sprzeda\u017c odwodnie\u0144 liniowych, zaj\u0119\u0142am si\u0119 na dobre projektowaniem teren\u00f3w zieleni. Od roku 2000 do roku 2012 by\u0142am podwykonawc\u0105 przy du\u017cych inwestycjach drogowych; projektuj\u0119 tak\u017ce ogrody przy domach i rezydencjach oraz ziele\u0144 osiedlow\u0105.<\/p>\n<p>Od ko\u0144ca 2006 roku moj\u0105 pasj\u0105 jest prowadzenie bada\u0144 p\u00f3l energii informacji. Zainteresowanie to rozwin\u0119\u0142o si\u0119 w szeroko zakrojone rozwa\u017cania metafizyczne, kt\u00f3re wykorzystuj\u0119 z dobrymi efektami w projektowaniu zieleni i zagospodarowania terenu oraz w analizie funkcjonowania krajobrazu (w r\u00f3\u017cnej skali). Poza tym, zajmuj\u0119 si\u0119 ch\u0119tnie fotografi\u0105 i ceramik\u0105.<\/p>\n","protected":false},"excerpt":{"rendered":"<p>z domu Ma\u0107kowiak Architekt krajobrazu, metafizyk. Uko\u0144czy\u0142am tak\u017ce studia podyplomowe z planowania przestrzennego. Mam rozmaite do\u015bwiadczenia zawodowe. Przez kilkana\u015bcie lat zajmowa\u0142am si\u0119 opracowaniami z pogranicza planowania przestrzennego i fizjografii oraz ochrony \u015brodowiska i ochrony przyrody, pracuj\u0105c w Pa\u0144stwowym Przedsi\u0119biorstwie Geodezyjno-Kartograficznym (obecnie \u2013 Polskie Przedsi\u0119biorstwo Geodezyjno-Kartograficzne SA). Z tamtego okresu pozosta\u0142y mi \u2013 opr\u00f3cz do\u015bwiadczenia &#8211; [&hellip;]<\/p>\n","protected":false},"author":1,"featured_media":0,"parent":0,"menu_order":2,"comment_status":"closed","ping_status":"closed","template":"","meta":{"footnotes":""},"_links":{"self":[{"href":"http:\/\/ziele-zar.pl\/index.php?rest_route=\/wp\/v2\/pages\/37"}],"collection":[{"href":"http:\/\/ziele-zar.pl\/index.php?rest_route=\/wp\/v2\/pages"}],"about":[{"href":"http:\/\/ziele-zar.pl\/index.php?rest_route=\/wp\/v2\/types\/page"}],"author":[{"embeddable":true,"href":"http:\/\/ziele-zar.pl\/index.php?rest_route=\/wp\/v2\/users\/1"}],"replies":[{"embeddable":true,"href":"http:\/\/ziele-zar.pl\/index.php?rest_route=%2Fwp%2Fv2%2Fcomments&post=37"}],"version-history":[{"count":49,"href":"http:\/\/ziele-zar.pl\/index.php?rest_route=\/wp\/v2\/pages\/37\/revisions"}],"predecessor-version":[{"id":2795,"href":"http:\/\/ziele-zar.pl\/index.php?rest_route=\/wp\/v2\/pages\/37\/revisions\/2795"}],"wp:attachment":[{"href":"http:\/\/ziele-zar.pl\/index.php?rest_route=%2Fwp%2Fv2%2Fmedia&parent=37"}],"curies":[{"name":"wp","href":"https:\/\/api.w.org\/{rel}","templated":true}]}}